{"id":11,"date":"2021-04-11T22:28:57","date_gmt":"2021-04-12T01:28:57","guid":{"rendered":"http:\/\/agrabahpublicidade.com.br\/jucapneus\/?page_id=11"},"modified":"2021-04-13T16:30:31","modified_gmt":"2021-04-13T19:30:31","slug":"institucional","status":"publish","type":"page","link":"https:\/\/jucapneusbebedouro.com.br\/?page_id=11","title":{"rendered":"Institucional"},"content":{"rendered":"\t\t<div data-elementor-type=\"wp-page\" data-elementor-id=\"11\" class=\"elementor elementor-11\" data-elementor-post-type=\"page\">\n\t\t\t\t\t\t<section class=\"elementor-section elementor-top-section elementor-element elementor-element-d7da0a6 elementor-section-boxed elementor-section-height-default elementor-section-height-default\" data-id=\"d7da0a6\" data-element_type=\"section\">\n\t\t\t\t\t\t<div class=\"elementor-container elementor-column-gap-default\">\n\t\t\t\t\t<div class=\"elementor-column elementor-col-33 elementor-top-column elementor-element elementor-element-7380a5d\" data-id=\"7380a5d\" data-element_type=\"column\">\n\t\t\t<div class=\"elementor-widget-wrap elementor-element-populated\">\n\t\t\t\t\t\t<div class=\"elementor-element elementor-element-2501b03 elementor-invisible elementor-widget elementor-widget-image\" data-id=\"2501b03\" data-element_type=\"widget\" data-settings=\"{&quot;_animation&quot;:&quot;fadeInLeft&quot;}\" data-widget_type=\"image.default\">\n\t\t\t\t<div class=\"elementor-widget-container\">\n\t\t\t\t\t\t\t\t\t\t\t\t\t\t\t<img fetchpriority=\"high\" decoding=\"async\" width=\"532\" height=\"774\" src=\"https:\/\/jucapneusbebedouro.com.br\/wp-content\/uploads\/2021\/04\/jose_mesquita_in_memorian-min.png\" class=\"attachment-large size-large wp-image-308\" alt=\"jose_mesquita_in_memorian-min\" srcset=\"https:\/\/jucapneusbebedouro.com.br\/wp-content\/uploads\/2021\/04\/jose_mesquita_in_memorian-min.png 532w, https:\/\/jucapneusbebedouro.com.br\/wp-content\/uploads\/2021\/04\/jose_mesquita_in_memorian-min-206x300.png 206w\" sizes=\"(max-width: 532px) 100vw, 532px\" \/>\t\t\t\t\t\t\t\t\t\t\t\t\t\t\t<\/div>\n\t\t\t\t<\/div>\n\t\t\t\t\t<\/div>\n\t\t<\/div>\n\t\t\t\t<div class=\"elementor-column elementor-col-66 elementor-top-column elementor-element elementor-element-ab1dc61 elementor-invisible\" data-id=\"ab1dc61\" data-element_type=\"column\" data-settings=\"{&quot;animation&quot;:&quot;fadeInRight&quot;}\">\n\t\t\t<div class=\"elementor-widget-wrap elementor-element-populated\">\n\t\t\t\t\t\t<div class=\"elementor-element elementor-element-62a78f7 elementor-widget elementor-widget-heading\" data-id=\"62a78f7\" data-element_type=\"widget\" data-widget_type=\"heading.default\">\n\t\t\t\t<div class=\"elementor-widget-container\">\n\t\t\t\t\t<h3 class=\"elementor-heading-title elementor-size-default\">Um pouco da nossa hist\u00f3ria<\/h3>\t\t\t\t<\/div>\n\t\t\t\t<\/div>\n\t\t\t\t<div class=\"elementor-element elementor-element-54ce5a5 elementor-widget elementor-widget-text-editor\" data-id=\"54ce5a5\" data-element_type=\"widget\" data-widget_type=\"text-editor.default\">\n\t\t\t\t<div class=\"elementor-widget-container\">\n\t\t\t\t\t\t\t\t\t<p>No ano de 1966, iniciou-se a Borracharia do Juca, com Jos\u00e9 Mesquita (in memorian), Celso Mesquita e Arnaldo Mesquita.<\/p><p>J\u00e1 no in\u00edcio dos anos 1980, a Borracharia tornou-se Autocenter. Em 2007, estabeleceu base no endere\u00e7o atual \u2013 garantindo estrutura f\u00edsica alto padr\u00e3o para atender o Mercado e, desde ent\u00e3o, tamb\u00e9m investe na manuten\u00e7\u00e3o de um quadro de funcion\u00e1rios especializados em autos.<\/p><p>O crescimento e o desenvolvimento da empresa ao longo dos anos, com mudan\u00e7as que sempre visaram alcan\u00e7ar um n\u00edvel de excel\u00eancia para atender a demanda do mercado, configura e fortalece o objetivo de mais de 50 anos: ser refer\u00eancia em Bebedouro e regi\u00e3o quando o assunto for solu\u00e7\u00f5es para autom\u00f3veis.<\/p>\t\t\t\t\t\t\t\t<\/div>\n\t\t\t\t<\/div>\n\t\t\t\t\t<\/div>\n\t\t<\/div>\n\t\t\t\t\t<\/div>\n\t\t<\/section>\n\t\t\t\t<section class=\"elementor-section elementor-top-section elementor-element elementor-element-e6f1f58 elementor-section-boxed elementor-section-height-default elementor-section-height-default\" data-id=\"e6f1f58\" data-element_type=\"section\">\n\t\t\t\t\t\t<div class=\"elementor-container elementor-column-gap-default\">\n\t\t\t\t\t<div class=\"elementor-column elementor-col-100 elementor-top-column elementor-element elementor-element-4b16814\" data-id=\"4b16814\" data-element_type=\"column\">\n\t\t\t<div class=\"elementor-widget-wrap elementor-element-populated\">\n\t\t\t\t\t\t<section class=\"elementor-section elementor-inner-section elementor-element elementor-element-c10268d elementor-section-boxed elementor-section-height-default elementor-section-height-default\" data-id=\"c10268d\" data-element_type=\"section\">\n\t\t\t\t\t\t<div class=\"elementor-container elementor-column-gap-default\">\n\t\t\t\t\t<div class=\"elementor-column elementor-col-100 elementor-inner-column elementor-element elementor-element-3e39596\" data-id=\"3e39596\" data-element_type=\"column\" data-settings=\"{&quot;background_background&quot;:&quot;classic&quot;}\">\n\t\t\t<div class=\"elementor-widget-wrap elementor-element-populated\">\n\t\t\t\t\t\t<div class=\"elementor-element elementor-element-9da0127 elementor-invisible elementor-widget elementor-widget-image\" data-id=\"9da0127\" data-element_type=\"widget\" data-settings=\"{&quot;_animation&quot;:&quot;zoomIn&quot;}\" data-widget_type=\"image.default\">\n\t\t\t\t<div class=\"elementor-widget-container\">\n\t\t\t\t\t\t\t\t\t\t\t\t\t\t\t<img decoding=\"async\" src=\"https:\/\/jucapneusbebedouro.com.br\/wp-content\/uploads\/2021\/04\/equipe-institucional-min.jpg\" title=\"equipe-institucional-min\" alt=\"equipe-institucional-min\" loading=\"lazy\" \/>\t\t\t\t\t\t\t\t\t\t\t\t\t\t\t<\/div>\n\t\t\t\t<\/div>\n\t\t\t\t\t<\/div>\n\t\t<\/div>\n\t\t\t\t\t<\/div>\n\t\t<\/section>\n\t\t\t\t\t<\/div>\n\t\t<\/div>\n\t\t\t\t\t<\/div>\n\t\t<\/section>\n\t\t\t\t<section class=\"elementor-section elementor-top-section elementor-element elementor-element-d209ef4 elementor-section-boxed elementor-section-height-default elementor-section-height-default elementor-invisible\" data-id=\"d209ef4\" data-element_type=\"section\" data-settings=\"{&quot;animation&quot;:&quot;fadeInUp&quot;}\">\n\t\t\t\t\t\t<div class=\"elementor-container elementor-column-gap-default\">\n\t\t\t\t\t<div class=\"elementor-column elementor-col-100 elementor-top-column elementor-element elementor-element-e528ab9\" data-id=\"e528ab9\" data-element_type=\"column\">\n\t\t\t<div class=\"elementor-widget-wrap elementor-element-populated\">\n\t\t\t\t\t\t<div class=\"elementor-element elementor-element-fd2abf9 elementor-widget elementor-widget-text-editor\" data-id=\"fd2abf9\" data-element_type=\"widget\" data-widget_type=\"text-editor.default\">\n\t\t\t\t<div class=\"elementor-widget-container\">\n\t\t\t\t\t\t\t\t\t<p><strong>S\u00f3cios:<\/strong> <br \/>Arnaldo Mesquita <br \/>Celso Mesquita <br \/>Leonardo Rama Mesquita<\/p><p><strong><br \/><br \/><br \/>Quadro de colaboradores:<\/strong><br \/>Ademir \u2013 Oficina<br \/>Israel \u2013 Oficina<br \/>Lucas \u2013 Oficina e Alinhador<br \/>Leandro \u2013 Alinhador e Mec\u00e2nico<br \/>Raidan &#8211; Mec\u00e2nico<br \/>Silmara \u2013 Secret\u00e1ria<br \/>Fernando \u2013 Aux. Adm e Vendas<\/p>\t\t\t\t\t\t\t\t<\/div>\n\t\t\t\t<\/div>\n\t\t\t\t\t<\/div>\n\t\t<\/div>\n\t\t\t\t\t<\/div>\n\t\t<\/section>\n\t\t\t\t<\/div>\n\t\t","protected":false},"excerpt":{"rendered":"<p>Um pouco da nossa hist\u00f3ria No ano de 1966, iniciou-se a Borracharia do Juca, com Jos\u00e9 Mesquita (in memorian), Celso Mesquita e Arnaldo Mesquita. J\u00e1 no in\u00edcio dos anos 1980, a Borracharia tornou-se Autocenter. Em 2007, estabeleceu base no endere\u00e7o atual \u2013 garantindo estrutura f\u00edsica alto padr\u00e3o para atender o Mercado e, desde ent\u00e3o, tamb\u00e9m [&hellip;]<\/p>\n","protected":false},"author":1,"featured_media":0,"parent":0,"menu_order":0,"comment_status":"closed","ping_status":"closed","template":"","meta":{"footnotes":""},"class_list":["post-11","page","type-page","status-publish","hentry"],"_links":{"self":[{"href":"https:\/\/jucapneusbebedouro.com.br\/index.php?rest_route=\/wp\/v2\/pages\/11","targetHints":{"allow":["GET"]}}],"collection":[{"href":"https:\/\/jucapneusbebedouro.com.br\/index.php?rest_route=\/wp\/v2\/pages"}],"about":[{"href":"https:\/\/jucapneusbebedouro.com.br\/index.php?rest_route=\/wp\/v2\/types\/page"}],"author":[{"embeddable":true,"href":"https:\/\/jucapneusbebedouro.com.br\/index.php?rest_route=\/wp\/v2\/users\/1"}],"replies":[{"embeddable":true,"href":"https:\/\/jucapneusbebedouro.com.br\/index.php?rest_route=%2Fwp%2Fv2%2Fcomments&post=11"}],"version-history":[{"count":0,"href":"https:\/\/jucapneusbebedouro.com.br\/index.php?rest_route=\/wp\/v2\/pages\/11\/revisions"}],"wp:attachment":[{"href":"https:\/\/jucapneusbebedouro.com.br\/index.php?rest_route=%2Fwp%2Fv2%2Fmedia&parent=11"}],"curies":[{"name":"wp","href":"https:\/\/api.w.org\/{rel}","templated":true}]}}